{"id":111,"date":"2018-10-18T13:31:40","date_gmt":"2018-10-18T11:31:40","guid":{"rendered":"https:\/\/nowa.puszczyk.info\/index.php\/astro-10-2018\/"},"modified":"2023-03-09T16:15:28","modified_gmt":"2023-03-09T14:15:28","slug":"astro","status":"publish","type":"page","link":"https:\/\/www.puszczyk.info\/?page_id=111","title":{"rendered":"Astro"},"content":{"rendered":"<p>Po\u0142o\u017cenie punkt\u00f3w wschodu i zachodu S\u0142o\u0144ca oraz Ksi\u0119\u017cyca w Polsce (wyliczenia dla Warszawy):<\/p>\n<ul>\n<li>2023\n<ul>\n<li><a href=\"https:\/\/www.puszczyk.info\/?page_id=943\">Stycze\u0144<\/a><\/li>\n<li><a href=\"https:\/\/www.puszczyk.info\/?page_id=944\">Luty<\/a><\/li>\n<li><a href=\"https:\/\/www.puszczyk.info\/?page_id=945\">Marzec<\/a><\/li>\n<li><a href=\"https:\/\/www.puszczyk.info\/?page_id=946\">Kwiecie\u0144<\/a><\/li>\n<\/ul>\n<\/li>\n<\/ul>\n","protected":false},"excerpt":{"rendered":"<p>Po\u0142o\u017cenie punkt\u00f3w wschodu i zachodu S\u0142o\u0144ca oraz Ksi\u0119\u017cyca w Polsce (wyliczenia dla Warszawy): 2023 Stycze\u0144 Luty Marzec Kwiecie\u0144<\/p>\n","protected":false},"author":1,"featured_media":0,"parent":0,"menu_order":20,"comment_status":"closed","ping_status":"closed","template":"","meta":{"_bbp_topic_count":0,"_bbp_reply_count":0,"_bbp_total_topic_count":0,"_bbp_total_reply_count":0,"_bbp_voice_count":0,"_bbp_anonymous_reply_count":0,"_bbp_topic_count_hidden":0,"_bbp_reply_count_hidden":0,"_bbp_forum_subforum_count":0,"ngg_post_thumbnail":0,"footnotes":""},"class_list":["post-111","page","type-page","status-publish","h-entry","hentry","h-as-page"],"publishpress_future_action":{"enabled":false,"date":"2026-05-08 13:42:11","action":"change-status","newStatus":"trash","terms":[],"taxonomy":"","extraData":[]},"publishpress_future_workflow_manual_trigger":{"enabledWorkflows":[]},"_links":{"self":[{"href":"https:\/\/www.puszczyk.info\/index.php?rest_route=\/wp\/v2\/pages\/111","targetHints":{"allow":["GET"]}}],"collection":[{"href":"https:\/\/www.puszczyk.info\/index.php?rest_route=\/wp\/v2\/pages"}],"about":[{"href":"https:\/\/www.puszczyk.info\/index.php?rest_route=\/wp\/v2\/types\/page"}],"author":[{"embeddable":true,"href":"https:\/\/www.puszczyk.info\/index.php?rest_route=\/wp\/v2\/users\/1"}],"replies":[{"embeddable":true,"href":"https:\/\/www.puszczyk.info\/index.php?rest_route=%2Fwp%2Fv2%2Fcomments&post=111"}],"version-history":[{"count":10,"href":"https:\/\/www.puszczyk.info\/index.php?rest_route=\/wp\/v2\/pages\/111\/revisions"}],"predecessor-version":[{"id":6423,"href":"https:\/\/www.puszczyk.info\/index.php?rest_route=\/wp\/v2\/pages\/111\/revisions\/6423"}],"wp:attachment":[{"href":"https:\/\/www.puszczyk.info\/index.php?rest_route=%2Fwp%2Fv2%2Fmedia&parent=111"}],"curies":[{"name":"wp","href":"https:\/\/api.w.org\/{rel}","templated":true}]}}