{"id":33,"date":"2018-10-18T12:51:50","date_gmt":"2018-10-18T10:51:50","guid":{"rendered":"http:\/\/nowa.puszczyk.info\/?page_id=33"},"modified":"2019-01-07T22:57:08","modified_gmt":"2019-01-07T20:57:08","slug":"kontakt","status":"publish","type":"page","link":"https:\/\/www.puszczyk.info\/?page_id=33","title":{"rendered":"Kontakt"},"content":{"rendered":"<h4>Ko\u0142o \u0141owieckie nr 21 PUSZCZYK<\/h4>\r\n<h6>Warszawa<\/h6>\r\n<h6>e-mail:\u00a0<a href=\"mailto:kolo@puszczyk.info\">kolo@puszczyk.info<\/a><\/h6>\r\n<!-- \/wp:post-content -->\r\n\r\n<!-- wp:paragraph -->\r\n\r\nUwagi dotycz\u0105ce strony internetowej K\u0141 PUSZCZYK prosz\u0119 kierowa\u0107 na adres: <a href=\"mailto:webmaster@puszczyk.info\">webmaster@puszczyk.info<\/a>\r\n\r\n<!-- \/wp:paragraph -->","protected":false},"excerpt":{"rendered":"<p>Ko\u0142o \u0141owieckie nr 21 PUSZCZYK Warszawa e-mail:\u00a0kolo@puszczyk.info Uwagi dotycz\u0105ce strony internetowej K\u0141 PUSZCZYK prosz\u0119 kierowa\u0107 na adres: webmaster@puszczyk.info<\/p>\n","protected":false},"author":1,"featured_media":0,"parent":0,"menu_order":100,"comment_status":"closed","ping_status":"closed","template":"","meta":{"_bbp_topic_count":0,"_bbp_reply_count":0,"_bbp_total_topic_count":0,"_bbp_total_reply_count":0,"_bbp_voice_count":0,"_bbp_anonymous_reply_count":0,"_bbp_topic_count_hidden":0,"_bbp_reply_count_hidden":0,"_bbp_forum_subforum_count":0,"ngg_post_thumbnail":0,"footnotes":""},"class_list":["post-33","page","type-page","status-publish","h-entry","hentry","h-as-page"],"publishpress_future_action":{"enabled":false,"date":"2026-05-08 13:35:12","action":"change-status","newStatus":"trash","terms":[],"taxonomy":"","extraData":[]},"publishpress_future_workflow_manual_trigger":{"enabledWorkflows":[]},"_links":{"self":[{"href":"https:\/\/www.puszczyk.info\/index.php?rest_route=\/wp\/v2\/pages\/33","targetHints":{"allow":["GET"]}}],"collection":[{"href":"https:\/\/www.puszczyk.info\/index.php?rest_route=\/wp\/v2\/pages"}],"about":[{"href":"https:\/\/www.puszczyk.info\/index.php?rest_route=\/wp\/v2\/types\/page"}],"author":[{"embeddable":true,"href":"https:\/\/www.puszczyk.info\/index.php?rest_route=\/wp\/v2\/users\/1"}],"replies":[{"embeddable":true,"href":"https:\/\/www.puszczyk.info\/index.php?rest_route=%2Fwp%2Fv2%2Fcomments&post=33"}],"version-history":[{"count":6,"href":"https:\/\/www.puszczyk.info\/index.php?rest_route=\/wp\/v2\/pages\/33\/revisions"}],"predecessor-version":[{"id":216,"href":"https:\/\/www.puszczyk.info\/index.php?rest_route=\/wp\/v2\/pages\/33\/revisions\/216"}],"wp:attachment":[{"href":"https:\/\/www.puszczyk.info\/index.php?rest_route=%2Fwp%2Fv2%2Fmedia&parent=33"}],"curies":[{"name":"wp","href":"https:\/\/api.w.org\/{rel}","templated":true}]}}