{"id":6097,"date":"2020-08-08T15:24:35","date_gmt":"2020-08-08T13:24:35","guid":{"rendered":"https:\/\/www.puszczyk.info\/?page_id=6097"},"modified":"2023-11-16T14:22:21","modified_gmt":"2023-11-16T12:22:21","slug":"sezon-2020-2021","status":"publish","type":"page","link":"https:\/\/www.puszczyk.info\/?page_id=6097","title":{"rendered":"Sezon 2020\/2021"},"content":{"rendered":"\n<p>Zbi\u00f3rka na polowania o godz. 10:00.<\/p>\n\n\n\n<p>8 listopada - polowanie hubertowskie - spotykamy si\u0119 o 10.00, ognisko hubertowskie o godz. 15.00.<br>13 grudnia - polowanie wigilijne - spotykamy si\u0119 o 10.00, kolacja wigilijna o godz. 16.00.<\/p>\n\n\n\n<p>Imprezy: hubertowska oraz wigilijna odb\u0119d\u0105 si\u0119 lub nie zale\u017cnie od obowi\u0105zuj\u0105cych w danym czasie przepis\u00f3w zwi\u0105zanych z pandemi\u0105 COVID-19.<\/p>\n\n\n\n<h4 class=\"wp-block-heading\">2020<\/h4>\n\n\n\n<figure class=\"wp-block-table\"><table><thead><tr><th>Data<\/th><th>Zwierzyna<\/th><th>Obw\u00f3d<\/th><th>Miejsce zbi\u00f3rki<\/th><\/tr><\/thead><tbody><tr><td>16.08<\/td><td>kaczka, lis, grzywacz<\/td><td>103\/81<\/td><td>Zalesie\/Bo\u0142\u0105ki<\/td><\/tr><tr><td>23.08<\/td><td>kaczka, lis, grzywacz<\/td><td>103\/81<\/td><td>Zalesie\/Bo\u0142\u0105ki<\/td><\/tr><tr><td>30.08<\/td><td>kaczka, lis, grzywacz<\/td><td>103\/81<\/td><td>Zalesie\/Bo\u0142\u0105ki<\/td><\/tr><tr><td>6.09<\/td><td>kaczka, lis, grzywacz<\/td><td>103\/81<\/td><td>Zalesie\/Bo\u0142\u0105ki<\/td><\/tr><tr><td>13.09<\/td><td>kaczka, lis, grzywacz<\/td><td>103\/81<\/td><td>Zalesie\/Bo\u0142\u0105ki<\/td><\/tr><tr><td><strong>19.09<\/strong><\/td><td><strong>Prace spo\u0142eczne<\/strong><\/td><td><strong>103\/81<\/strong><\/td><td><strong>Zalesie\/Bo\u0142\u0105ki<\/strong><\/td><\/tr><tr><td>27.09<\/td><td>kaczka, lis, grzywacz<\/td><td>103\/81<\/td><td>Zalesie\/Bo\u0142\u0105ki<\/td><\/tr><tr><td>4.10<\/td><td>kaczka, lis, grzywacz<\/td><td>103\/81<\/td><td>Zalesie\/Bo\u0142\u0105ki<\/td><\/tr><tr><td>11.10<\/td><td>kaczka, lis, grzywacz, ba\u017cant<\/td><td>103\/81<\/td><td>Zalesie\/Bo\u0142\u0105ki<\/td><\/tr><tr><td>18.10<\/td><td>kaczka, lis, grzywacz, ba\u017cant<\/td><td>103\/81<\/td><td>Zalesie\/Bo\u0142\u0105ki<\/td><\/tr><tr><td>25.10<\/td><td>kaczka, lis, grzywacz, ba\u017cant<\/td><td>103\/82<\/td><td>Zalesie\/Bo\u0142\u0105ki<\/td><\/tr><tr><td>7.11<\/td><td>dzik, lis, ba\u017cant, kaczka<br><strong>Polowanie hubertowskie<\/strong><\/td><td>103<\/td><td>Zalesie<\/td><\/tr><tr><td>15.11<\/td><td>ba\u017cant, lis, kaczka<\/td><td>103\/81<\/td><td>Zalesie\/Bo\u0142\u0105ki<\/td><\/tr><tr><td>29.11<\/td><td>ba\u017cant, lis, kaczka<\/td><td>103\/81<\/td><td>Zalesie\/Bo\u0142\u0105ki<\/td><\/tr><tr><td>6.12<\/td><td>ba\u017cant, lis, kaczka<\/td><td>103\/81<\/td><td>Zalesie\/Bo\u0142\u0105ki<\/td><\/tr><tr><td>12.12<\/td><td>jele\u0144, sarna, dzik, lis<br><strong>Polowanie wigilijne z ambon<\/strong><\/td><td>81<\/td><td>Bo\u0142\u0105ki<\/td><\/tr><\/tbody><\/table><\/figure>\n\n\n\n<h4 class=\"wp-block-heading\">2021<\/h4>\n\n\n\n<figure class=\"wp-block-table\"><table><thead><tr><th>Data<\/th><th>Zwierzyna<\/th><th>Obw\u00f3d<\/th><th>Miejsce zbi\u00f3rki<\/th><\/tr><\/thead><tbody><tr><td>10.01<\/td><td>jele\u0144, sarna, dzik, lis<br><strong>Polowanie z ambon<\/strong><\/td><td>103<\/td><td>Skierniewice<\/td><\/tr><tr><td>24.01<\/td><td>ba\u017cant, lis<\/td><td>103\/81<\/td><td>Zalesie\/Bo\u0142\u0105ki<\/td><\/tr><tr><td>31.01<\/td><td>ba\u017cant, lis<\/td><td>103\/81<\/td><td>Zalesie\/Bo\u0142\u0105ki<\/td><\/tr><tr><td>7.02<\/td><td>ba\u017cant, lis<\/td><td>103\/81<\/td><td>Zalesie\/Bo\u0142\u0105ki<\/td><\/tr><tr><td>21.02<\/td><td>ba\u017cant, lis<\/td><td>103\/81<\/td><td>Zalesie\/Bo\u0142\u0105ki<\/td><\/tr><tr><td>28.02<\/td><td>ba\u017cant, lis<br><strong>Zako\u0144czenie sezonu<\/strong><\/td><td>103\/81<\/td><td>Zalesie\/Bo\u0142\u0105ki<\/td><\/tr><\/tbody><\/table><\/figure>\n\n\n\n<p>Imprezy: hubertowska oraz wigilijna odb\u0119d\u0105 si\u0119 lub nie zale\u017cnie od obowi\u0105zuj\u0105cych w danym czasie przepis\u00f3w zwi\u0105zanych z pandemi\u0105 COVID-19.<\/p>\n\n\n\n<p><\/p>\n","protected":false},"excerpt":{"rendered":"<p>Zbi\u00f3rka na polowania o godz. 10:00. 8 listopada - polowanie hubertowskie - spotykamy si\u0119 o 10.00, ognisko hubertowskie o godz. 15.00.13 grudnia - polowanie wigilijne - spotykamy si\u0119 o 10.00, kolacja wigilijna o godz. 16.00. Imprezy: hubertowska oraz wigilijna odb\u0119d\u0105 si\u0119 lub nie zale\u017cnie od obowi\u0105zuj\u0105cych w danym czasie przepis\u00f3w zwi\u0105zanych z pandemi\u0105 COVID-19. 2020 <a href=\"https:\/\/www.puszczyk.info\/?page_id=6097\" class=\"more-link\">Czytaj dalej...<span class=\"screen-reader-text\"> \"Sezon 2020\/2021\"<\/span><\/a><\/p>\n","protected":false},"author":2,"featured_media":0,"parent":87,"menu_order":998,"comment_status":"closed","ping_status":"closed","template":"","meta":{"_bbp_topic_count":0,"_bbp_reply_count":0,"_bbp_total_topic_count":0,"_bbp_total_reply_count":0,"_bbp_voice_count":0,"_bbp_anonymous_reply_count":0,"_bbp_topic_count_hidden":0,"_bbp_reply_count_hidden":0,"_bbp_forum_subforum_count":0,"ngg_post_thumbnail":0,"footnotes":""},"class_list":["post-6097","page","type-page","status-publish","h-entry","hentry","h-as-page"],"publishpress_future_action":{"enabled":false,"date":"2026-05-08 13:42:10","action":"change-status","newStatus":"trash","terms":[],"taxonomy":"","extraData":[]},"publishpress_future_workflow_manual_trigger":{"enabledWorkflows":[]},"_links":{"self":[{"href":"https:\/\/www.puszczyk.info\/index.php?rest_route=\/wp\/v2\/pages\/6097","targetHints":{"allow":["GET"]}}],"collection":[{"href":"https:\/\/www.puszczyk.info\/index.php?rest_route=\/wp\/v2\/pages"}],"about":[{"href":"https:\/\/www.puszczyk.info\/index.php?rest_route=\/wp\/v2\/types\/page"}],"author":[{"embeddable":true,"href":"https:\/\/www.puszczyk.info\/index.php?rest_route=\/wp\/v2\/users\/2"}],"replies":[{"embeddable":true,"href":"https:\/\/www.puszczyk.info\/index.php?rest_route=%2Fwp%2Fv2%2Fcomments&post=6097"}],"version-history":[{"count":7,"href":"https:\/\/www.puszczyk.info\/index.php?rest_route=\/wp\/v2\/pages\/6097\/revisions"}],"predecessor-version":[{"id":6105,"href":"https:\/\/www.puszczyk.info\/index.php?rest_route=\/wp\/v2\/pages\/6097\/revisions\/6105"}],"up":[{"embeddable":true,"href":"https:\/\/www.puszczyk.info\/index.php?rest_route=\/wp\/v2\/pages\/87"}],"wp:attachment":[{"href":"https:\/\/www.puszczyk.info\/index.php?rest_route=%2Fwp%2Fv2%2Fmedia&parent=6097"}],"curies":[{"name":"wp","href":"https:\/\/api.w.org\/{rel}","templated":true}]}}