{"id":6368,"date":"2022-08-27T14:30:51","date_gmt":"2022-08-27T12:30:51","guid":{"rendered":"https:\/\/www.puszczyk.info\/?page_id=6368"},"modified":"2023-11-16T14:22:31","modified_gmt":"2023-11-16T12:22:31","slug":"sezon-2022-2023","status":"publish","type":"page","link":"https:\/\/www.puszczyk.info\/?page_id=6368","title":{"rendered":"Sezon 2022\/2023"},"content":{"rendered":"\n<figure class=\"wp-block-table is-style-stripes\"><table><tbody><tr><td class=\"has-text-align-center\" data-align=\"center\"><strong>DATA<\/strong><\/td><td class=\"has-text-align-left\" data-align=\"left\"><strong>ZWIERZYNA<\/strong><\/td><td class=\"has-text-align-center\" data-align=\"center\"><strong>OBW\u00d3D<\/strong><\/td><td class=\"has-text-align-center\" data-align=\"center\"><strong>MIEJSCE<\/strong> <strong>ZBI\u00d3RKI<\/strong><\/td><\/tr><tr><td class=\"has-text-align-center\" data-align=\"center\">03.09<\/td><td class=\"has-text-align-left\" data-align=\"left\">kaczka, grzywacz<\/td><td class=\"has-text-align-center\" data-align=\"center\">98\/76<\/td><td class=\"has-text-align-center\" data-align=\"center\">Zalesie\/Bo\u0142\u0105ki<\/td><\/tr><tr><td class=\"has-text-align-center\" data-align=\"center\">10.09<\/td><td class=\"has-text-align-left\" data-align=\"left\">kaczka, grzywacz<\/td><td class=\"has-text-align-center\" data-align=\"center\">98\/76<\/td><td class=\"has-text-align-center\" data-align=\"center\">Zalesie\/Bo\u0142\u0105ki<\/td><\/tr><tr><td class=\"has-text-align-center\" data-align=\"center\">17.09<\/td><td class=\"has-text-align-left\" data-align=\"left\">kaczka, grzywacz<\/td><td class=\"has-text-align-center\" data-align=\"center\">98\/76<\/td><td class=\"has-text-align-center\" data-align=\"center\">Zalesie\/Bo\u0142\u0105ki<\/td><\/tr><tr><td class=\"has-text-align-center\" data-align=\"center\">24.09<\/td><td class=\"has-text-align-left\" data-align=\"left\">kaczka, grzywacz<\/td><td class=\"has-text-align-center\" data-align=\"center\">98\/76<\/td><td class=\"has-text-align-center\" data-align=\"center\">Zalesie\/Bo\u0142\u0105ki<\/td><\/tr><tr><td class=\"has-text-align-center\" data-align=\"center\">01.10<\/td><td class=\"has-text-align-left\" data-align=\"left\">kaczka, lis, grzywacz, ba\u017cant<\/td><td class=\"has-text-align-center\" data-align=\"center\">98\/76<\/td><td class=\"has-text-align-center\" data-align=\"center\">Zalesie\/Bo\u0142\u0105ki<\/td><\/tr><tr><td class=\"has-text-align-center\" data-align=\"center\">08.10<\/td><td class=\"has-text-align-left\" data-align=\"left\">kaczka, lis, grzywacz, ba\u017cant<\/td><td class=\"has-text-align-center\" data-align=\"center\">98\/76<\/td><td class=\"has-text-align-center\" data-align=\"center\">Zalesie\/Bo\u0142\u0105ki<\/td><\/tr><tr><td class=\"has-text-align-center\" data-align=\"center\">15.10<\/td><td class=\"has-text-align-left\" data-align=\"left\">kaczka, lis, grzywacz, ba\u017cant<\/td><td class=\"has-text-align-center\" data-align=\"center\">98\/76<\/td><td class=\"has-text-align-center\" data-align=\"center\">Zalesie\/Bo\u0142\u0105ki<\/td><\/tr><tr><td class=\"has-text-align-center\" data-align=\"center\">22.10<\/td><td class=\"has-text-align-left\" data-align=\"left\">kaczka, lis, grzywacz, ba\u017cant<\/td><td class=\"has-text-align-center\" data-align=\"center\">98\/76<\/td><td class=\"has-text-align-center\" data-align=\"center\">Zalesie\/Bo\u0142\u0105ki<\/td><\/tr><tr><td class=\"has-text-align-center\" data-align=\"center\">29.10<\/td><td class=\"has-text-align-left\" data-align=\"left\">kaczka, lis, grzywacz, ba\u017cant<\/td><td class=\"has-text-align-center\" data-align=\"center\">98\/76<\/td><td class=\"has-text-align-center\" data-align=\"center\">Zalesie\/Bo\u0142\u0105ki<\/td><\/tr><tr><td class=\"has-text-align-center\" data-align=\"center\"><strong>05.11<\/strong><\/td><td class=\"has-text-align-left\" data-align=\"left\"><strong>dzik, lis, ba\u017cant, kaczka - Polowanie hubertowskie<\/strong><\/td><td class=\"has-text-align-center\" data-align=\"center\"><strong>98<\/strong><\/td><td class=\"has-text-align-center\" data-align=\"center\"><strong>Zalesie<\/strong><\/td><\/tr><tr><td class=\"has-text-align-center\" data-align=\"center\">12.11<\/td><td class=\"has-text-align-left\" data-align=\"left\">ba\u017cant, lis, kaczka<\/td><td class=\"has-text-align-center\" data-align=\"center\">98\/76<\/td><td class=\"has-text-align-center\" data-align=\"center\">Zalesie\/Bo\u0142\u0105ki<\/td><\/tr><tr><td class=\"has-text-align-center\" data-align=\"center\">19.11<\/td><td class=\"has-text-align-left\" data-align=\"left\">ba\u017cant, lis, kaczka<\/td><td class=\"has-text-align-center\" data-align=\"center\">98\/76<\/td><td class=\"has-text-align-center\" data-align=\"center\">Zalesie\/Bo\u0142\u0105ki<\/td><\/tr><tr><td class=\"has-text-align-center\" data-align=\"center\">26.11<\/td><td class=\"has-text-align-left\" data-align=\"left\">ba\u017cant, lis, kaczka<\/td><td class=\"has-text-align-center\" data-align=\"center\">98\/76<\/td><td class=\"has-text-align-center\" data-align=\"center\">Zalesie\/Bo\u0142\u0105ki<\/td><\/tr><tr><td class=\"has-text-align-center\" data-align=\"center\">03.12<\/td><td class=\"has-text-align-left\" data-align=\"left\">ba\u017cant, lis, kaczka<\/td><td class=\"has-text-align-center\" data-align=\"center\">98\/76<\/td><td class=\"has-text-align-center\" data-align=\"center\">Zalesie\/Bo\u0142\u0105ki<\/td><\/tr><tr><td class=\"has-text-align-center\" data-align=\"center\">10.12<\/td><td class=\"has-text-align-left\" data-align=\"left\">ba\u017cant, lis, kaczka<\/td><td class=\"has-text-align-center\" data-align=\"center\">98\/76<\/td><td class=\"has-text-align-center\" data-align=\"center\">Zalesie\/Bo\u0142\u0105ki<\/td><\/tr><tr><td class=\"has-text-align-center\" data-align=\"center\"><strong>17.12<\/strong><\/td><td class=\"has-text-align-left\" data-align=\"left\"><strong>jele\u0144, sarna, dzik, lis - Polowanie wigilijne z ambon<\/strong><\/td><td class=\"has-text-align-center\" data-align=\"center\"><strong>76<\/strong><\/td><td class=\"has-text-align-center\" data-align=\"center\"><strong>Bo\u0142\u0105ki<\/strong><\/td><\/tr><\/tbody><\/table><figcaption>Plan polowa\u0144&nbsp;w sezonie 2022\/2023: rok 2022<\/figcaption><\/figure>\n\n\n\n<figure class=\"wp-block-table is-style-stripes\"><table><tbody><tr><td class=\"has-text-align-center\" data-align=\"center\"><strong>DATA<\/strong><\/td><td class=\"has-text-align-left\" data-align=\"left\"><strong>ZWIERZYNA<\/strong><\/td><td class=\"has-text-align-center\" data-align=\"center\"><strong>OBW\u00d3D<\/strong><\/td><td class=\"has-text-align-center\" data-align=\"center\"><strong>MIEJSCE<\/strong> <strong>ZBI\u00d3RKI<\/strong><\/td><\/tr><tr><td class=\"has-text-align-center\" data-align=\"center\">07.01<\/td><td class=\"has-text-align-left\" data-align=\"left\">jele\u0144, sarna, dzik, lis - <strong>Polowanie z ambon<\/strong><\/td><td class=\"has-text-align-center\" data-align=\"center\">98<\/td><td class=\"has-text-align-center\" data-align=\"center\">Zalesie<\/td><\/tr><tr><td class=\"has-text-align-center\" data-align=\"center\">14.01<\/td><td class=\"has-text-align-left\" data-align=\"left\">jele\u0144, sarna, dzik, lis - <strong>Polowanie z ambon<\/strong><\/td><td class=\"has-text-align-center\" data-align=\"center\">76<\/td><td class=\"has-text-align-center\" data-align=\"center\">Bo\u0142\u0105ki<\/td><\/tr><tr><td class=\"has-text-align-center\" data-align=\"center\">21.01<\/td><td class=\"has-text-align-left\" data-align=\"left\">ba\u017cant, lis<\/td><td class=\"has-text-align-center\" data-align=\"center\">98\/76<\/td><td class=\"has-text-align-center\" data-align=\"center\">Zalesie\/Bo\u0142\u0105ki<\/td><\/tr><tr><td class=\"has-text-align-center\" data-align=\"center\">28.01<\/td><td class=\"has-text-align-left\" data-align=\"left\">ba\u017cant, lis<\/td><td class=\"has-text-align-center\" data-align=\"center\">98\/76<\/td><td class=\"has-text-align-center\" data-align=\"center\">Zalesie\/Bo\u0142\u0105ki<\/td><\/tr><tr><td class=\"has-text-align-center\" data-align=\"center\">04.02<\/td><td class=\"has-text-align-left\" data-align=\"left\">ba\u017cant, lis<\/td><td class=\"has-text-align-center\" data-align=\"center\">98\/76<\/td><td class=\"has-text-align-center\" data-align=\"center\">Zalesie\/Bo\u0142\u0105ki<\/td><\/tr><tr><td class=\"has-text-align-center\" data-align=\"center\">11.02<\/td><td class=\"has-text-align-left\" data-align=\"left\">ba\u017cant, lis<\/td><td class=\"has-text-align-center\" data-align=\"center\">98\/76<\/td><td class=\"has-text-align-center\" data-align=\"center\">Zalesie\/Bo\u0142\u0105ki<\/td><\/tr><tr><td class=\"has-text-align-center\" data-align=\"center\">18.02<\/td><td class=\"has-text-align-left\" data-align=\"left\">ba\u017cant, lis<\/td><td class=\"has-text-align-center\" data-align=\"center\">98\/76<\/td><td class=\"has-text-align-center\" data-align=\"center\">Zalesie\/Bo\u0142\u0105ki<\/td><\/tr><tr><td class=\"has-text-align-center\" data-align=\"center\">25.02<\/td><td class=\"has-text-align-left\" data-align=\"left\">ba\u017cant, lis - <strong>Zako\u0144czenie sezonu<\/strong><\/td><td class=\"has-text-align-center\" data-align=\"center\">98\/76<\/td><td class=\"has-text-align-center\" data-align=\"center\">Zalesie\/Bo\u0142\u0105ki<\/td><\/tr><\/tbody><\/table><figcaption>Plan polowa\u0144&nbsp;w sezonie 2022\/2023: rok 2023<\/figcaption><\/figure>\n\n\n\n<p><em>Zbi\u00f3rka na polowania o godz. 10:00 na kwaterach my\u015bliwskich.<\/em><\/p>\n\n\n\n<p><em><strong>5&nbsp; listopada - polowanie hubertowskie<\/strong> - spotykamy si\u0119 o 10.00, ognisko hubertowskie o godz. 15.00.<\/em><\/p>\n\n\n\n<p><em><strong>17 grudnia - polowanie wigilijne<\/strong> - spotykamy si\u0119 o 10.00, kolacja wigilijna o godz. 16.00.<\/em><\/p>\n\n\n\n<p><strong>Warunkiem udzia\u0142u w polowaniach jest uregulowanie wszystkich nale\u017cno\u015bci finansowych na rzecz PZ\u0141 i Ko\u0142a (tzn. sk\u0142adki cz\u0142onkowskiej, op\u0142aty za pozyskan\u0105 zwierzyn\u0119, rekompensaty finansowej za niewykonan\u0105 prac\u0119 na rzecz Ko\u0142a, op\u0142aty<\/strong> <strong>za nie odbyte wyjazdy obowi\u0105zkowe)<\/strong>. <strong><em>Wp\u0142at nale\u017cy dokonywa\u0107 na konto naszego Ko\u0142a<\/em><\/strong>.<\/p>\n\n\n\n<p><\/p>\n","protected":false},"excerpt":{"rendered":"<p>DATA ZWIERZYNA OBW\u00d3D MIEJSCE ZBI\u00d3RKI 03.09 kaczka, grzywacz 98\/76 Zalesie\/Bo\u0142\u0105ki 10.09 kaczka, grzywacz 98\/76 Zalesie\/Bo\u0142\u0105ki 17.09 kaczka, grzywacz 98\/76 Zalesie\/Bo\u0142\u0105ki 24.09 kaczka, grzywacz 98\/76 Zalesie\/Bo\u0142\u0105ki 01.10 kaczka, lis, grzywacz, ba\u017cant 98\/76 Zalesie\/Bo\u0142\u0105ki 08.10 kaczka, lis, grzywacz, ba\u017cant 98\/76 Zalesie\/Bo\u0142\u0105ki 15.10 kaczka, lis, grzywacz, ba\u017cant 98\/76 Zalesie\/Bo\u0142\u0105ki 22.10 kaczka, lis, grzywacz, ba\u017cant 98\/76 Zalesie\/Bo\u0142\u0105ki 29.10 kaczka, <a href=\"https:\/\/www.puszczyk.info\/?page_id=6368\" class=\"more-link\">Czytaj dalej...<span class=\"screen-reader-text\"> \"Sezon 2022\/2023\"<\/span><\/a><\/p>\n","protected":false},"author":5,"featured_media":0,"parent":87,"menu_order":997,"comment_status":"closed","ping_status":"closed","template":"","meta":{"_bbp_topic_count":0,"_bbp_reply_count":0,"_bbp_total_topic_count":0,"_bbp_total_reply_count":0,"_bbp_voice_count":0,"_bbp_anonymous_reply_count":0,"_bbp_topic_count_hidden":0,"_bbp_reply_count_hidden":0,"_bbp_forum_subforum_count":0,"ngg_post_thumbnail":0,"footnotes":""},"class_list":["post-6368","page","type-page","status-publish","h-entry","hentry","h-as-page"],"publishpress_future_action":{"enabled":false,"date":"2026-05-08 13:50:33","action":"change-status","newStatus":"trash","terms":[],"taxonomy":"","extraData":[]},"publishpress_future_workflow_manual_trigger":{"enabledWorkflows":[]},"_links":{"self":[{"href":"https:\/\/www.puszczyk.info\/index.php?rest_route=\/wp\/v2\/pages\/6368","targetHints":{"allow":["GET"]}}],"collection":[{"href":"https:\/\/www.puszczyk.info\/index.php?rest_route=\/wp\/v2\/pages"}],"about":[{"href":"https:\/\/www.puszczyk.info\/index.php?rest_route=\/wp\/v2\/types\/page"}],"author":[{"embeddable":true,"href":"https:\/\/www.puszczyk.info\/index.php?rest_route=\/wp\/v2\/users\/5"}],"replies":[{"embeddable":true,"href":"https:\/\/www.puszczyk.info\/index.php?rest_route=%2Fwp%2Fv2%2Fcomments&post=6368"}],"version-history":[{"count":3,"href":"https:\/\/www.puszczyk.info\/index.php?rest_route=\/wp\/v2\/pages\/6368\/revisions"}],"predecessor-version":[{"id":6507,"href":"https:\/\/www.puszczyk.info\/index.php?rest_route=\/wp\/v2\/pages\/6368\/revisions\/6507"}],"up":[{"embeddable":true,"href":"https:\/\/www.puszczyk.info\/index.php?rest_route=\/wp\/v2\/pages\/87"}],"wp:attachment":[{"href":"https:\/\/www.puszczyk.info\/index.php?rest_route=%2Fwp%2Fv2%2Fmedia&parent=6368"}],"curies":[{"name":"wp","href":"https:\/\/api.w.org\/{rel}","templated":true}]}}