{"id":6493,"date":"2023-11-16T13:21:54","date_gmt":"2023-11-16T11:21:54","guid":{"rendered":"https:\/\/www.puszczyk.info\/?page_id=6493"},"modified":"2023-11-16T13:23:54","modified_gmt":"2023-11-16T11:23:54","slug":"protokol-z-wz-kl-puszczyk-2023-wraz-z-uchwalami","status":"publish","type":"page","link":"https:\/\/www.puszczyk.info\/?page_id=6493","title":{"rendered":"Protok\u00f3\u0142 z WZ K\u0141 Puszczyk 2023 wraz z uchwa\u0142ami"},"content":{"rendered":"\n<p>Poni\u017cej znajduje si\u0119 protok\u00f3\u0142 z Walnego Zgromadzenia K\u0141 Puszczyk z dnia 17 czerwca 2023 roku wraz z uchwa\u0142ami:<\/p>\n\n\n\n<div class=\"wp-block-file\"><a id=\"wp-block-file--media-44f0896e-42bb-4667-98a3-b94da1800603\" href=\"https:\/\/www.puszczyk.info\/wp-content\/uploads\/2023\/11\/Protokol-z-Walnego-Zgromadzenia-KL-Puszczyk-z-dnia-17-czerwca-2023-roku-wraz-z-uchwalami.pdf\">Protokol-z-Walnego-Zgromadzenia-KL-Puszczyk-z-dnia-17-czerwca-2023-roku-wraz-z-uchwalami<\/a><a href=\"https:\/\/www.puszczyk.info\/wp-content\/uploads\/2023\/11\/Protokol-z-Walnego-Zgromadzenia-KL-Puszczyk-z-dnia-17-czerwca-2023-roku-wraz-z-uchwalami.pdf\" class=\"wp-block-file__button wp-element-button\" download aria-describedby=\"wp-block-file--media-44f0896e-42bb-4667-98a3-b94da1800603\">Pobierz<\/a><\/div>\n\n\n\n<p>Uchwa\u0142y finansowe: <\/p>\n\n\n\n<div class=\"wp-block-file\"><a id=\"wp-block-file--media-3b608b77-a665-403a-80a2-6ca1c5764f13\" href=\"https:\/\/www.puszczyk.info\/wp-content\/uploads\/2023\/11\/Uchwala-1_WZ_F_2023-w-sprawie-terminu-oplacania-skladki-KL.pdf\">Uchwala-1_WZ_F_2023-w-sprawie-terminu-oplacania-skladki-KL<\/a><a href=\"https:\/\/www.puszczyk.info\/wp-content\/uploads\/2023\/11\/Uchwala-1_WZ_F_2023-w-sprawie-terminu-oplacania-skladki-KL.pdf\" class=\"wp-block-file__button wp-element-button\" download aria-describedby=\"wp-block-file--media-3b608b77-a665-403a-80a2-6ca1c5764f13\">Pobierz<\/a><\/div>\n\n\n\n<div class=\"wp-block-file\"><a id=\"wp-block-file--media-f9be671d-901c-421a-9a00-40adaa44055e\" href=\"https:\/\/www.puszczyk.info\/wp-content\/uploads\/2023\/11\/Uchwala-2_WZ_F_2023-w-sprawie-terminu-oplacania-skladki-PZL.pdf\">Uchwala-2_WZ_F_2023-w-sprawie-terminu-oplacania-skladki-PZL<\/a><a href=\"https:\/\/www.puszczyk.info\/wp-content\/uploads\/2023\/11\/Uchwala-2_WZ_F_2023-w-sprawie-terminu-oplacania-skladki-PZL.pdf\" class=\"wp-block-file__button wp-element-button\" download aria-describedby=\"wp-block-file--media-f9be671d-901c-421a-9a00-40adaa44055e\">Pobierz<\/a><\/div>\n\n\n\n<div class=\"wp-block-file\"><a id=\"wp-block-file--media-e0c87ef0-49be-4b4e-b9bf-d477b17d09df\" href=\"https:\/\/www.puszczyk.info\/wp-content\/uploads\/2023\/11\/Uchwala-3_WZ_F_2023-w-sprawie-udzialu-w-kosztach-zagospodarowania-obwodow.pdf\">Uchwala-3_WZ_F_2023-w-sprawie-udzialu-w-kosztach-zagospodarowania-obwodow<\/a><a href=\"https:\/\/www.puszczyk.info\/wp-content\/uploads\/2023\/11\/Uchwala-3_WZ_F_2023-w-sprawie-udzialu-w-kosztach-zagospodarowania-obwodow.pdf\" class=\"wp-block-file__button wp-element-button\" download aria-describedby=\"wp-block-file--media-e0c87ef0-49be-4b4e-b9bf-d477b17d09df\">Pobierz<\/a><\/div>\n\n\n\n<div class=\"wp-block-file\"><a id=\"wp-block-file--media-bd40967f-8a0d-4769-a17e-2b012489109d\" href=\"https:\/\/www.puszczyk.info\/wp-content\/uploads\/2023\/11\/Uchwala-4_WZ_F_2023-w-sprawie-oplaty-za-dziki-planowe.pdf\">Uchwala-4_WZ_F_2023-w-sprawie-oplaty-za-dziki-planowe<\/a><a href=\"https:\/\/www.puszczyk.info\/wp-content\/uploads\/2023\/11\/Uchwala-4_WZ_F_2023-w-sprawie-oplaty-za-dziki-planowe.pdf\" class=\"wp-block-file__button wp-element-button\" download aria-describedby=\"wp-block-file--media-bd40967f-8a0d-4769-a17e-2b012489109d\">Pobierz<\/a><\/div>\n\n\n\n<p>Uchwa\u0142y \u0142owieckie: <\/p>\n\n\n\n<div class=\"wp-block-file\"><a id=\"wp-block-file--media-3ae62d80-6de0-4f6c-bdfd-2263f132766d\" href=\"https:\/\/www.puszczyk.info\/wp-content\/uploads\/2023\/11\/Uchwala-1_WZ_L_2023-w-sprawie-zglaszania-udzialu-w-polowaniu-zbiorowym.pdf\">Uchwala-1_WZ_L_2023-w-sprawie-zglaszania-udzialu-w-polowaniu-zbiorowym<\/a><a href=\"https:\/\/www.puszczyk.info\/wp-content\/uploads\/2023\/11\/Uchwala-1_WZ_L_2023-w-sprawie-zglaszania-udzialu-w-polowaniu-zbiorowym.pdf\" class=\"wp-block-file__button wp-element-button\" download aria-describedby=\"wp-block-file--media-3ae62d80-6de0-4f6c-bdfd-2263f132766d\">Pobierz<\/a><\/div>\n\n\n\n<div class=\"wp-block-file\"><a id=\"wp-block-file--media-0851d327-2e1b-4bb8-bdab-0f2ae2175446\" href=\"https:\/\/www.puszczyk.info\/wp-content\/uploads\/2023\/11\/Uchwala-2_WZ_L_2023-w-sprawie-konkursu-lisiarz-roku.pdf\">Uchwala-2_WZ_L_2023-w-sprawie-konkursu-lisiarz-roku<\/a><a href=\"https:\/\/www.puszczyk.info\/wp-content\/uploads\/2023\/11\/Uchwala-2_WZ_L_2023-w-sprawie-konkursu-lisiarz-roku.pdf\" class=\"wp-block-file__button wp-element-button\" download aria-describedby=\"wp-block-file--media-0851d327-2e1b-4bb8-bdab-0f2ae2175446\">Pobierz<\/a><\/div>\n\n\n\n<div class=\"wp-block-file\"><a id=\"wp-block-file--media-a3d24666-6f92-4715-bc65-3a7e7af2b6d6\" href=\"https:\/\/www.puszczyk.info\/wp-content\/uploads\/2023\/11\/Uchwala-3_WZ_L_2023-w-sprawie-polowania-na-kaczki-i-bazanty.pdf\">Uchwala-3_WZ_L_2023-w-sprawie-polowania-na-kaczki-i-bazanty<\/a><a href=\"https:\/\/www.puszczyk.info\/wp-content\/uploads\/2023\/11\/Uchwala-3_WZ_L_2023-w-sprawie-polowania-na-kaczki-i-bazanty.pdf\" class=\"wp-block-file__button wp-element-button\" download aria-describedby=\"wp-block-file--media-a3d24666-6f92-4715-bc65-3a7e7af2b6d6\">Pobierz<\/a><\/div>\n\n\n\n<div class=\"wp-block-file\"><a id=\"wp-block-file--media-a721e855-35e9-4856-b6eb-f9172a68a5bb\" href=\"https:\/\/www.puszczyk.info\/wp-content\/uploads\/2023\/11\/Uchwala-4_WZ_L_2023-w-sprawie-zglaszania-odstrzelonych-dzikow.pdf\">Uchwala-4_WZ_L_2023-w-sprawie-zglaszania-odstrzelonych-dzikow<\/a><a href=\"https:\/\/www.puszczyk.info\/wp-content\/uploads\/2023\/11\/Uchwala-4_WZ_L_2023-w-sprawie-zglaszania-odstrzelonych-dzikow.pdf\" class=\"wp-block-file__button wp-element-button\" download aria-describedby=\"wp-block-file--media-a721e855-35e9-4856-b6eb-f9172a68a5bb\">Pobierz<\/a><\/div>\n","protected":false},"excerpt":{"rendered":"<p>Poni\u017cej znajduje si\u0119 protok\u00f3\u0142 z Walnego Zgromadzenia K\u0141 Puszczyk z dnia 17 czerwca 2023 roku wraz z uchwa\u0142ami: Uchwa\u0142y finansowe: Uchwa\u0142y \u0142owieckie:<\/p>\n","protected":false},"author":5,"featured_media":0,"parent":6488,"menu_order":0,"comment_status":"closed","ping_status":"closed","template":"","meta":{"_bbp_topic_count":0,"_bbp_reply_count":0,"_bbp_total_topic_count":0,"_bbp_total_reply_count":0,"_bbp_voice_count":0,"_bbp_anonymous_reply_count":0,"_bbp_topic_count_hidden":0,"_bbp_reply_count_hidden":0,"_bbp_forum_subforum_count":0,"ngg_post_thumbnail":0,"footnotes":""},"class_list":["post-6493","page","type-page","status-publish","h-entry","hentry","h-as-page"],"publishpress_future_action":{"enabled":false,"date":"2026-05-08 13:42:05","action":"change-status","newStatus":"trash","terms":[],"taxonomy":"","extraData":[]},"publishpress_future_workflow_manual_trigger":{"enabledWorkflows":[]},"_links":{"self":[{"href":"https:\/\/www.puszczyk.info\/index.php?rest_route=\/wp\/v2\/pages\/6493","targetHints":{"allow":["GET"]}}],"collection":[{"href":"https:\/\/www.puszczyk.info\/index.php?rest_route=\/wp\/v2\/pages"}],"about":[{"href":"https:\/\/www.puszczyk.info\/index.php?rest_route=\/wp\/v2\/types\/page"}],"author":[{"embeddable":true,"href":"https:\/\/www.puszczyk.info\/index.php?rest_route=\/wp\/v2\/users\/5"}],"replies":[{"embeddable":true,"href":"https:\/\/www.puszczyk.info\/index.php?rest_route=%2Fwp%2Fv2%2Fcomments&post=6493"}],"version-history":[{"count":3,"href":"https:\/\/www.puszczyk.info\/index.php?rest_route=\/wp\/v2\/pages\/6493\/revisions"}],"predecessor-version":[{"id":6745,"href":"https:\/\/www.puszczyk.info\/index.php?rest_route=\/wp\/v2\/pages\/6493\/revisions\/6745"}],"up":[{"embeddable":true,"href":"https:\/\/www.puszczyk.info\/index.php?rest_route=\/wp\/v2\/pages\/6488"}],"wp:attachment":[{"href":"https:\/\/www.puszczyk.info\/index.php?rest_route=%2Fwp%2Fv2%2Fmedia&parent=6493"}],"curies":[{"name":"wp","href":"https:\/\/api.w.org\/{rel}","templated":true}]}}