{"id":6506,"date":"2023-11-16T14:19:28","date_gmt":"2023-11-16T12:19:28","guid":{"rendered":"https:\/\/www.puszczyk.info\/?page_id=6506"},"modified":"2024-09-04T15:09:55","modified_gmt":"2024-09-04T13:09:55","slug":"sezon-2023-2024","status":"publish","type":"page","link":"https:\/\/www.puszczyk.info\/?page_id=6506","title":{"rendered":"Sezon 2023\/2024"},"content":{"rendered":"\n<figure class=\"wp-block-table is-style-stripes\"><table><thead><tr><th class=\"has-text-align-center\" data-align=\"center\"><strong>DATA<\/strong><\/th><th class=\"has-text-align-left\" data-align=\"left\"><strong>ZWIERZYNA<\/strong><\/th><th class=\"has-text-align-center\" data-align=\"center\"><strong>OBW\u00d3D<\/strong><\/th><th class=\"has-text-align-center\" data-align=\"center\"><strong>MIEJSCE<\/strong> <strong>ZBI\u00d3RKI<\/strong><\/th><\/tr><\/thead><tbody><tr><td class=\"has-text-align-center\" data-align=\"center\">02.09<\/td><td class=\"has-text-align-left\" data-align=\"left\">kaczka, grzywacz<\/td><td class=\"has-text-align-center\" data-align=\"center\">98<\/td><td class=\"has-text-align-center\" data-align=\"center\">Zalesie<\/td><\/tr><tr><td class=\"has-text-align-center\" data-align=\"center\">16.09<\/td><td class=\"has-text-align-left\" data-align=\"left\">kaczka, grzywacz<\/td><td class=\"has-text-align-center\" data-align=\"center\">76<\/td><td class=\"has-text-align-center\" data-align=\"center\">Bo\u0142\u0105ki<\/td><\/tr><tr><td class=\"has-text-align-center\" data-align=\"center\">30.09<\/td><td class=\"has-text-align-left\" data-align=\"left\">kaczka, lis, grzywacz, ba\u017cant<\/td><td class=\"has-text-align-center\" data-align=\"center\">98<\/td><td class=\"has-text-align-center\" data-align=\"center\">Zalesie<\/td><\/tr><tr><td class=\"has-text-align-center\" data-align=\"center\">07.10<\/td><td class=\"has-text-align-left\" data-align=\"left\">kaczka, lis, grzywacz, ba\u017cant<\/td><td class=\"has-text-align-center\" data-align=\"center\">98<\/td><td class=\"has-text-align-center\" data-align=\"center\">Zalesie<\/td><\/tr><tr><td class=\"has-text-align-center\" data-align=\"center\">21.10<\/td><td class=\"has-text-align-left\" data-align=\"left\">kaczka, lis, grzywacz, ba\u017cant<\/td><td class=\"has-text-align-center\" data-align=\"center\">76<\/td><td class=\"has-text-align-center\" data-align=\"center\">Bo\u0142\u0105ki<\/td><\/tr><tr><td class=\"has-text-align-center\" data-align=\"center\">28.10<\/td><td class=\"has-text-align-left\" data-align=\"left\">kaczka, lis, grzywacz, ba\u017cant<\/td><td class=\"has-text-align-center\" data-align=\"center\">98\/76<\/td><td class=\"has-text-align-center\" data-align=\"center\">Zalesie\/Bo\u0142\u0105ki<\/td><\/tr><tr><td class=\"has-text-align-center\" data-align=\"center\"><strong>04.11<\/strong><\/td><td class=\"has-text-align-left\" data-align=\"left\"><strong>dzik, lis, ba\u017cant, kaczka - Polowanie hubertowskie<\/strong><\/td><td class=\"has-text-align-center\" data-align=\"center\"><strong>76<\/strong><\/td><td class=\"has-text-align-center\" data-align=\"center\"><strong>Bo\u0142\u0105ki<\/strong><\/td><\/tr><tr><td class=\"has-text-align-center\" data-align=\"center\">18.11<\/td><td class=\"has-text-align-left\" data-align=\"left\">ba\u017cant, lis, kaczka<\/td><td class=\"has-text-align-center\" data-align=\"center\">98<\/td><td class=\"has-text-align-center\" data-align=\"center\">Zalesie<\/td><\/tr><tr><td class=\"has-text-align-center\" data-align=\"center\">02.12<\/td><td class=\"has-text-align-left\" data-align=\"left\">ba\u017cant, lis, kaczka<\/td><td class=\"has-text-align-center\" data-align=\"center\">76<\/td><td class=\"has-text-align-center\" data-align=\"center\">Bo\u0142\u0105ki<\/td><\/tr><tr><td class=\"has-text-align-center\" data-align=\"center\"><strong>16.12<\/strong><\/td><td class=\"has-text-align-left\" data-align=\"left\"><strong><strong>jele\u0144, sarna, dzik, lis - Polowanie wigilijne z ambon<\/strong><\/strong><\/td><td class=\"has-text-align-center\" data-align=\"center\"><strong>98<\/strong><\/td><td class=\"has-text-align-center\" data-align=\"center\"><strong>Zalesie<\/strong><\/td><\/tr><\/tbody><\/table><figcaption class=\"wp-element-caption\">Plan polowa\u0144\u00a0w sezonie 2023\/2024: rok 2023<\/figcaption><\/figure>\n\n\n\n<hr class=\"wp-block-separator has-alpha-channel-opacity is-style-wide\"\/>\n\n\n\n<figure class=\"wp-block-table is-style-stripes\"><table><thead><tr><th class=\"has-text-align-center\" data-align=\"center\"><strong>DATA<\/strong><\/th><th class=\"has-text-align-left\" data-align=\"left\"><strong>ZWIERZYNA<\/strong><\/th><th class=\"has-text-align-center\" data-align=\"center\"><strong>OBW\u00d3D<\/strong><\/th><th class=\"has-text-align-center\" data-align=\"center\"><strong>MIEJSCE<\/strong> <strong>ZBI\u00d3RKI<\/strong><\/th><\/tr><\/thead><tbody><tr><td class=\"has-text-align-center\" data-align=\"center\">06.01<\/td><td class=\"has-text-align-left\" data-align=\"left\"><strong>jele\u0144, sarna, dzik, lis - Polowanie z ambon<\/strong><\/td><td class=\"has-text-align-center\" data-align=\"center\">76<\/td><td class=\"has-text-align-center\" data-align=\"center\">Bo\u0142\u0105ki<\/td><\/tr><tr><td class=\"has-text-align-center\" data-align=\"center\">13.01<\/td><td class=\"has-text-align-left\" data-align=\"left\"><strong>jele\u0144, sarna, dzik, lis - Polowanie z ambon<\/strong><\/td><td class=\"has-text-align-center\" data-align=\"center\">98<\/td><td class=\"has-text-align-center\" data-align=\"center\">Zalesie<\/td><\/tr><tr><td class=\"has-text-align-center\" data-align=\"center\">27.01<\/td><td class=\"has-text-align-left\" data-align=\"left\">ba\u017cant, lis<\/td><td class=\"has-text-align-center\" data-align=\"center\">98<\/td><td class=\"has-text-align-center\" data-align=\"center\">Zalesie<\/td><\/tr><tr><td class=\"has-text-align-center\" data-align=\"center\">10.02<\/td><td class=\"has-text-align-left\" data-align=\"left\">ba\u017cant, lis<\/td><td class=\"has-text-align-center\" data-align=\"center\">76<\/td><td class=\"has-text-align-center\" data-align=\"center\">Bo\u0142\u0105ki<\/td><\/tr><tr><td class=\"has-text-align-center\" data-align=\"center\"><strong>24.02<\/strong><\/td><td class=\"has-text-align-left\" data-align=\"left\"><strong>ba\u017cant, lis - Zako\u0144czenie sezonu<\/strong><\/td><td class=\"has-text-align-center\" data-align=\"center\"><strong>98<\/strong><\/td><td class=\"has-text-align-center\" data-align=\"center\"><strong>Zalesie<\/strong><\/td><\/tr><\/tbody><\/table><figcaption class=\"wp-element-caption\">Plan polowa\u0144&nbsp;w sezonie 2023\/2024: rok 2024<\/figcaption><\/figure>\n","protected":false},"excerpt":{"rendered":"<p>DATA ZWIERZYNA OBW\u00d3D MIEJSCE ZBI\u00d3RKI 02.09 kaczka, grzywacz 98 Zalesie 16.09 kaczka, grzywacz 76 Bo\u0142\u0105ki 30.09 kaczka, lis, grzywacz, ba\u017cant 98 Zalesie 07.10 kaczka, lis, grzywacz, ba\u017cant 98 Zalesie 21.10 kaczka, lis, grzywacz, ba\u017cant 76 Bo\u0142\u0105ki 28.10 kaczka, lis, grzywacz, ba\u017cant 98\/76 Zalesie\/Bo\u0142\u0105ki 04.11 dzik, lis, ba\u017cant, kaczka - Polowanie hubertowskie 76 Bo\u0142\u0105ki 18.11 ba\u017cant, <a href=\"https:\/\/www.puszczyk.info\/?page_id=6506\" class=\"more-link\">Czytaj dalej...<span class=\"screen-reader-text\"> \"Sezon 2023\/2024\"<\/span><\/a><\/p>\n","protected":false},"author":5,"featured_media":0,"parent":87,"menu_order":996,"comment_status":"closed","ping_status":"closed","template":"","meta":{"_bbp_topic_count":0,"_bbp_reply_count":0,"_bbp_total_topic_count":0,"_bbp_total_reply_count":0,"_bbp_voice_count":0,"_bbp_anonymous_reply_count":0,"_bbp_topic_count_hidden":0,"_bbp_reply_count_hidden":0,"_bbp_forum_subforum_count":0,"ngg_post_thumbnail":0,"footnotes":""},"class_list":["post-6506","page","type-page","status-publish","h-entry","hentry","h-as-page"],"publishpress_future_action":{"enabled":false,"date":"2026-05-08 13:55:22","action":"change-status","newStatus":"trash","terms":[],"taxonomy":"","extraData":[]},"publishpress_future_workflow_manual_trigger":{"enabledWorkflows":[]},"_links":{"self":[{"href":"https:\/\/www.puszczyk.info\/index.php?rest_route=\/wp\/v2\/pages\/6506","targetHints":{"allow":["GET"]}}],"collection":[{"href":"https:\/\/www.puszczyk.info\/index.php?rest_route=\/wp\/v2\/pages"}],"about":[{"href":"https:\/\/www.puszczyk.info\/index.php?rest_route=\/wp\/v2\/types\/page"}],"author":[{"embeddable":true,"href":"https:\/\/www.puszczyk.info\/index.php?rest_route=\/wp\/v2\/users\/5"}],"replies":[{"embeddable":true,"href":"https:\/\/www.puszczyk.info\/index.php?rest_route=%2Fwp%2Fv2%2Fcomments&post=6506"}],"version-history":[{"count":4,"href":"https:\/\/www.puszczyk.info\/index.php?rest_route=\/wp\/v2\/pages\/6506\/revisions"}],"predecessor-version":[{"id":6635,"href":"https:\/\/www.puszczyk.info\/index.php?rest_route=\/wp\/v2\/pages\/6506\/revisions\/6635"}],"up":[{"embeddable":true,"href":"https:\/\/www.puszczyk.info\/index.php?rest_route=\/wp\/v2\/pages\/87"}],"wp:attachment":[{"href":"https:\/\/www.puszczyk.info\/index.php?rest_route=%2Fwp%2Fv2%2Fmedia&parent=6506"}],"curies":[{"name":"wp","href":"https:\/\/api.w.org\/{rel}","templated":true}]}}