{"id":6636,"date":"2024-09-04T15:29:43","date_gmt":"2024-09-04T13:29:43","guid":{"rendered":"https:\/\/www.puszczyk.info\/?page_id=6636"},"modified":"2024-09-04T15:38:26","modified_gmt":"2024-09-04T13:38:26","slug":"sezon-2024-2025","status":"publish","type":"page","link":"https:\/\/www.puszczyk.info\/?page_id=6636","title":{"rendered":"Sezon 2024\/2025"},"content":{"rendered":"\n<figure class=\"wp-block-table is-style-stripes\"><table><thead><tr><th class=\"has-text-align-center\" data-align=\"center\"><strong>DATA<\/strong><\/th><th class=\"has-text-align-left\" data-align=\"left\"><strong>ZWIERZYNA<\/strong><\/th><th class=\"has-text-align-center\" data-align=\"center\"><strong>OBW\u00d3D<\/strong><\/th><th class=\"has-text-align-center\" data-align=\"center\"><strong>MIEJSCE<\/strong> <strong>ZBI\u00d3RKI<\/strong><\/th><\/tr><\/thead><tbody><tr><td class=\"has-text-align-center\" data-align=\"center\">07.09<\/td><td class=\"has-text-align-left\" data-align=\"left\">kaczka, grzywacz<\/td><td class=\"has-text-align-center\" data-align=\"center\">98<\/td><td class=\"has-text-align-center\" data-align=\"center\">Zalesie<\/td><\/tr><tr><td class=\"has-text-align-center\" data-align=\"center\">14.09<\/td><td class=\"has-text-align-left\" data-align=\"left\">kaczka, grzywacz<\/td><td class=\"has-text-align-center\" data-align=\"center\">76<\/td><td class=\"has-text-align-center\" data-align=\"center\">Bo\u0142\u0105ki<\/td><\/tr><tr><td class=\"has-text-align-center\" data-align=\"center\">05.10<\/td><td class=\"has-text-align-left\" data-align=\"left\">dzik, lis, sarna - polowanie z ambon<\/td><td class=\"has-text-align-center\" data-align=\"center\">98<\/td><td class=\"has-text-align-center\" data-align=\"center\">Zalesie<\/td><\/tr><tr><td class=\"has-text-align-center\" data-align=\"center\">12.10<\/td><td class=\"has-text-align-left\" data-align=\"left\">kaczka, lis, grzywacz, ba\u017cant<\/td><td class=\"has-text-align-center\" data-align=\"center\">98<\/td><td class=\"has-text-align-center\" data-align=\"center\">Zalesie<\/td><\/tr><tr><td class=\"has-text-align-center\" data-align=\"center\">19.10<\/td><td class=\"has-text-align-left\" data-align=\"left\">dzik, lis, sarna - polowanie z ambon<\/td><td class=\"has-text-align-center\" data-align=\"center\">76<\/td><td class=\"has-text-align-center\" data-align=\"center\">Bo\u0142\u0105ki<\/td><\/tr><tr><td class=\"has-text-align-center\" data-align=\"center\"><strong>02.11<\/strong><\/td><td class=\"has-text-align-left\" data-align=\"left\"><strong>dzik, lis, ba\u017cant, kaczka - Polowanie hubertowskie<\/strong><\/td><td class=\"has-text-align-center\" data-align=\"center\"><strong>76<\/strong><\/td><td class=\"has-text-align-center\" data-align=\"center\"><strong>Bo\u0142\u0105ki<\/strong><\/td><\/tr><tr><td class=\"has-text-align-center\" data-align=\"center\">16.11<\/td><td class=\"has-text-align-left\" data-align=\"left\">dzik, lis, sarna - polowanie z ambon<\/td><td class=\"has-text-align-center\" data-align=\"center\">98<\/td><td class=\"has-text-align-center\" data-align=\"center\">Zalesie<\/td><\/tr><tr><td class=\"has-text-align-center\" data-align=\"center\">30.11<\/td><td class=\"has-text-align-left\" data-align=\"left\">ba\u017cant, lis, kaczka, zaj\u0105c<\/td><td class=\"has-text-align-center\" data-align=\"center\">98<\/td><td class=\"has-text-align-center\" data-align=\"center\">Zalesie<\/td><\/tr><tr><td class=\"has-text-align-center\" data-align=\"center\"><strong>21.12<\/strong><\/td><td class=\"has-text-align-left\" data-align=\"left\"><strong><strong>ba\u017cant, kaczka, lis, zaj\u0105c - Polowanie wigilijne<\/strong><\/strong><\/td><td class=\"has-text-align-center\" data-align=\"center\"><strong>98<\/strong><\/td><td class=\"has-text-align-center\" data-align=\"center\"><strong>Zalesie<\/strong><\/td><\/tr><\/tbody><\/table><figcaption class=\"wp-element-caption\">Plan polowa\u0144\u00a0w sezonie 2024\/2025: rok 2024<\/figcaption><\/figure>\n\n\n\n<hr class=\"wp-block-separator has-alpha-channel-opacity is-style-wide\"\/>\n\n\n\n<figure class=\"wp-block-table is-style-stripes\"><table><thead><tr><th class=\"has-text-align-center\" data-align=\"center\"><strong>DATA<\/strong><\/th><th class=\"has-text-align-left\" data-align=\"left\"><strong>ZWIERZYNA<\/strong><\/th><th class=\"has-text-align-center\" data-align=\"center\"><strong>OBW\u00d3D<\/strong><\/th><th class=\"has-text-align-center\" data-align=\"center\"><strong>MIEJSCE<\/strong> <strong>ZBI\u00d3RKI<\/strong><\/th><\/tr><\/thead><tbody><tr><td class=\"has-text-align-center\" data-align=\"center\">04.01<\/td><td class=\"has-text-align-left\" data-align=\"left\">ba\u017cant, lis<\/td><td class=\"has-text-align-center\" data-align=\"center\">76<\/td><td class=\"has-text-align-center\" data-align=\"center\">Bo\u0142\u0105ki<\/td><\/tr><tr><td class=\"has-text-align-center\" data-align=\"center\">18.01<\/td><td class=\"has-text-align-left\" data-align=\"left\">ba\u017cant, lis<\/td><td class=\"has-text-align-center\" data-align=\"center\">98<\/td><td class=\"has-text-align-center\" data-align=\"center\">Zalesie<\/td><\/tr><tr><td class=\"has-text-align-center\" data-align=\"center\">01.02<\/td><td class=\"has-text-align-left\" data-align=\"left\">ba\u017cant, lis<\/td><td class=\"has-text-align-center\" data-align=\"center\">98<\/td><td class=\"has-text-align-center\" data-align=\"center\">Zalesie<\/td><\/tr><tr><td class=\"has-text-align-center\" data-align=\"center\">15.02<\/td><td class=\"has-text-align-left\" data-align=\"left\">ba\u017cant, lis<\/td><td class=\"has-text-align-center\" data-align=\"center\">76<\/td><td class=\"has-text-align-center\" data-align=\"center\">Bo\u0142\u0105ki<\/td><\/tr><tr><td class=\"has-text-align-center\" data-align=\"center\"><strong>22.02<\/strong><\/td><td class=\"has-text-align-left\" data-align=\"left\"><strong>ba\u017cant, lis - Zako\u0144czenie sezonu<\/strong><\/td><td class=\"has-text-align-center\" data-align=\"center\"><strong>98<\/strong><\/td><td class=\"has-text-align-center\" data-align=\"center\"><strong>Zalesie<\/strong><\/td><\/tr><\/tbody><\/table><figcaption class=\"wp-element-caption\">Plan polowa\u0144\u00a0w sezonie 2024\/2025: rok 2025<\/figcaption><\/figure>\n\n\n\n<p><em>Zbi\u00f3rka na polowania o godz. 8:30 na kwaterach my\u015bliwskich, za wyj\u0105tkiem polowa\u0144 z ambon \u2013 godzina zbi\u00f3rki podana zostanie tydzie\u0144 przed polowaniem.<\/em><\/p>\n\n\n\n<p><em><strong>2\u00a0 listopada - polowanie hubertowskie<\/strong>\u00a0- spotykamy si\u0119 o 8.00, ognisko hubertowskie ok godz. 13.30.<\/em><\/p>\n\n\n\n<p><em><strong>21 grudnia - polowanie wigilijne<\/strong>\u00a0- spotykamy si\u0119 o 8.30, kolacja wigilijna ok godz. 14.00.<\/em><\/p>\n\n\n\n<p><strong>Warunkiem udzia\u0142u w polowaniach jest uregulowanie wszystkich nale\u017cno\u015bci finansowych na rzecz PZ\u0141 i Ko\u0142a (tzn. sk\u0142adki cz\u0142onkowskiej, op\u0142aty za pozyskan\u0105 zwierzyn\u0119, rekompensaty finansowej za niewykonan\u0105 prac\u0119 na rzecz Ko\u0142a, op\u0142aty<\/strong>\u00a0<strong>za nie odbyte wyjazdy obowi\u0105zkowe)<\/strong>.\u00a0<strong><em>Wp\u0142at nale\u017cy dokonywa\u0107 na konto naszego Ko\u0142a<\/em><\/strong>.<\/p>\n","protected":false},"excerpt":{"rendered":"<p>DATA ZWIERZYNA OBW\u00d3D MIEJSCE ZBI\u00d3RKI 07.09 kaczka, grzywacz 98 Zalesie 14.09 kaczka, grzywacz 76 Bo\u0142\u0105ki 05.10 dzik, lis, sarna - polowanie z ambon 98 Zalesie 12.10 kaczka, lis, grzywacz, ba\u017cant 98 Zalesie 19.10 dzik, lis, sarna - polowanie z ambon 76 Bo\u0142\u0105ki 02.11 dzik, lis, ba\u017cant, kaczka - Polowanie hubertowskie 76 Bo\u0142\u0105ki 16.11 dzik, lis, <a href=\"https:\/\/www.puszczyk.info\/?page_id=6636\" class=\"more-link\">Czytaj dalej...<span class=\"screen-reader-text\"> \"Sezon 2024\/2025\"<\/span><\/a><\/p>\n","protected":false},"author":5,"featured_media":0,"parent":87,"menu_order":995,"comment_status":"closed","ping_status":"closed","template":"","meta":{"_bbp_topic_count":0,"_bbp_reply_count":0,"_bbp_total_topic_count":0,"_bbp_total_reply_count":0,"_bbp_voice_count":0,"_bbp_anonymous_reply_count":0,"_bbp_topic_count_hidden":0,"_bbp_reply_count_hidden":0,"_bbp_forum_subforum_count":0,"ngg_post_thumbnail":0,"footnotes":""},"class_list":["post-6636","page","type-page","status-publish","h-entry","hentry","h-as-page"],"publishpress_future_action":{"enabled":false,"date":"2026-05-08 15:04:51","action":"change-status","newStatus":"trash","terms":[],"taxonomy":"","extraData":[]},"publishpress_future_workflow_manual_trigger":{"enabledWorkflows":[]},"_links":{"self":[{"href":"https:\/\/www.puszczyk.info\/index.php?rest_route=\/wp\/v2\/pages\/6636","targetHints":{"allow":["GET"]}}],"collection":[{"href":"https:\/\/www.puszczyk.info\/index.php?rest_route=\/wp\/v2\/pages"}],"about":[{"href":"https:\/\/www.puszczyk.info\/index.php?rest_route=\/wp\/v2\/types\/page"}],"author":[{"embeddable":true,"href":"https:\/\/www.puszczyk.info\/index.php?rest_route=\/wp\/v2\/users\/5"}],"replies":[{"embeddable":true,"href":"https:\/\/www.puszczyk.info\/index.php?rest_route=%2Fwp%2Fv2%2Fcomments&post=6636"}],"version-history":[{"count":5,"href":"https:\/\/www.puszczyk.info\/index.php?rest_route=\/wp\/v2\/pages\/6636\/revisions"}],"predecessor-version":[{"id":6734,"href":"https:\/\/www.puszczyk.info\/index.php?rest_route=\/wp\/v2\/pages\/6636\/revisions\/6734"}],"up":[{"embeddable":true,"href":"https:\/\/www.puszczyk.info\/index.php?rest_route=\/wp\/v2\/pages\/87"}],"wp:attachment":[{"href":"https:\/\/www.puszczyk.info\/index.php?rest_route=%2Fwp%2Fv2%2Fmedia&parent=6636"}],"curies":[{"name":"wp","href":"https:\/\/api.w.org\/{rel}","templated":true}]}}