{"id":6740,"date":"2025-08-24T15:05:40","date_gmt":"2025-08-24T13:05:40","guid":{"rendered":"https:\/\/www.puszczyk.info\/?page_id=6740"},"modified":"2025-08-28T22:50:58","modified_gmt":"2025-08-28T20:50:58","slug":"sezon-2025-2026","status":"publish","type":"page","link":"https:\/\/www.puszczyk.info\/?page_id=6740","title":{"rendered":"Sezon 2025\/2026"},"content":{"rendered":"\n<p><\/p>\n\n\n\n<p><strong><em>Szanowni koledzy!<\/em><\/strong><\/p>\n\n\n\n<p><strong><em>Przesy\u0142amy harmonogram polowa\u0144 zbiorowych w sezonie 2025\/2026. Warunkiem udzia\u0142u w polowaniach jest uregulowanie wszystkich nale\u017cno\u015bci finansowych na rzecz PZ\u0141 i Ko\u0142a (tzn. sk\u0142adki cz\u0142onkowskiej, op\u0142aty za pozyskan\u0105 zwierzyn\u0119, rekompensaty finansowej za niewykonan\u0105 prac\u0119 na rzecz Ko\u0142a, op\u0142aty<\/em><\/strong><em> <\/em><strong><em>za nie odbyte wyjazdy obowi\u0105zkowe).&nbsp;<\/em><\/strong><\/p>\n\n\n\n<p><strong><em>Wp\u0142at nale\u017cy dokonywa\u0107 na konto naszego Ko\u0142a \u2013 numer konta podany w nag\u0142\u00f3wku, pod adresem Ko\u0142a.<\/em><\/strong><\/p>\n\n\n\n<p>Plan polowa\u0144 w sezonie 2025\/2026:<\/p>\n\n\n\n<p><strong><em>2025 r.:<\/em><\/strong><\/p>\n\n\n\n<figure class=\"wp-block-table\"><table class=\"has-fixed-layout\"><tbody><tr><td><em>Data<\/em><\/td><td><em>Opis polowania<\/em><\/td><td><em>Obw\u00f3d<\/em><\/td><td><em>Miejsce zbi\u00f3rki<\/em><\/td><td><em>Osoba odpowiedzialna<\/em><\/td><\/tr><tr><td>06.09<\/td><td>Kaczka, grzywacz<br><strong>Rozpocz\u0119cie\u00a0 sezonu<\/strong><\/td><td>98<\/td><td>Zalesie<\/td><td>Marcin Janasz<\/td><\/tr><tr><td>13.09<\/td><td>Kaczka, grzywacz<\/td><td>76<\/td><td>Bo\u0142\u0105ki<\/td><td>Leszek Kwitek<\/td><\/tr><tr><td>20.09<\/td><td>PRACE GOSPODARCZE<\/td><td>76\/98<\/td><td>Bo\u0142\u0105ki\/Zalesie<\/td><td><\/td><\/tr><tr><td>04.10<\/td><td>Kaczka, grzywacz, ba\u017cant, dzik, lis<\/td><td>98<\/td><td>Zalesie<\/td><td>Marek Majchrowski<\/td><\/tr><tr><td>18.10<\/td><td>Kaczka, grzywacz, ba\u017cant, dzik, lis<\/td><td>76<\/td><td>Bo\u0142\u0105ki<\/td><td>Marek Nowicki<\/td><\/tr><tr><td><strong>08.11<\/strong><\/td><td>Kaczka, grzywacz, ba\u017cant, dzik, lis<strong><br><\/strong><strong>Polowanie hubertowskie<\/strong><\/td><td><strong>98<\/strong><\/td><td><strong>Zalesie<\/strong><\/td><td>Hubert Lizak<\/td><\/tr><tr><td>15.11<\/td><td>Kaczka, grzywacz, ba\u017cant, dzik, lis<\/td><td>76<\/td><td>Bo\u0142\u0105ki<\/td><td>Patryk Burchard<\/td><\/tr><tr><td>29.11<\/td><td>Kaczka, ba\u017cant, zaj\u0105c, dzik, lis<\/td><td>98<\/td><td>Zalesie<\/td><td>Mariusz Zega<\/td><\/tr><tr><td><strong>20.12<\/strong><\/td><td>Jele\u0144, sarna, dzik, lis<br><strong>Polowanie wigilijne<\/strong><\/td><td><strong>76<\/strong><\/td><td><strong>Bo\u0142\u0105ki<\/strong><\/td><td>Marek Nowicki<\/td><\/tr><\/tbody><\/table><\/figure>\n\n\n\n<p><strong><em>2026 r.:<\/em><\/strong><\/p>\n\n\n\n<figure class=\"wp-block-table\"><table class=\"has-fixed-layout\"><tbody><tr><td>10.01<\/td><td>Jele\u0144, sarna, dzik, lis<br><strong>Polowanie z ambon<\/strong><\/td><td><strong>76<\/strong><\/td><td><strong>Bo\u0142\u0105ki<\/strong><\/td><td>Marek Majchrowski<\/td><\/tr><tr><td>31.01<\/td><td>Ba\u017cant, dzik, lis<\/td><td>98<\/td><td>Zalesie<\/td><td>Patryk Burchard<\/td><\/tr><tr><td>14.02<\/td><td>Ba\u017cant, lis<\/td><td>98<\/td><td>Zalesie<\/td><td>Patryk Burchard<\/td><\/tr><tr><td><strong>28.02<\/strong><\/td><td>Ba\u017cant, lis<br><strong>Zako\u0144czenie sezonu<\/strong><\/td><td><strong>76<\/strong><\/td><td><strong>Bo\u0142\u0105ki<\/strong><\/td><td>Marek Nowicki<\/td><\/tr><\/tbody><\/table><\/figure>\n\n\n\n<p><em>Szczeg\u00f3\u0142owe informacje dotycz\u0105ce organizacji polowania b\u0119d\u0105 wysy\u0142ane przed polowaniem.<\/em><\/p>\n\n\n\n<p><em>Zbi\u00f3rka na polowania o godzinie 8.30 przy kwaterach my\u015bliwskich.<\/em><\/p>\n\n\n\n<p><em>Polowania zaplanowane we wrze\u015bniu i w lutym realizowane s\u0105 jako polowania indywidualne. Polowania zaplanowane od 1 pa\u017adziernika do 31 stycznia realizowane s\u0105 jako polowania zbiorowe.<\/em><\/p>\n\n\n\n<p><em>W czasie polowa\u0144 zbiorowych realizowany jest odstrza\u0142 sanitarny dzik\u00f3w.<\/em><\/p>\n\n\n\n<p><em>Prowadz\u0105cym polowanie mo\u017ce by\u0107 Cz\u0142onek Zarz\u0105du K\u0141 lub wyznaczony przez Zarz\u0105d K\u0141 inny Cz\u0142onek K\u0141.<\/em><\/p>\n\n\n\n<p><em>Polowanie w zaplanowanym terminie mo\u017ce zosta\u0107 odwo\u0142ane je\u015bli do \u015brody poprzedzaj\u0105cej polowanie nie zg\u0142osi si\u0119 wystarczaj\u0105ca liczba my\u015bliwych ch\u0119tnych do udzia\u0142u w polowaniu.<\/em><\/p>\n","protected":false},"excerpt":{"rendered":"<p>Szanowni koledzy! Przesy\u0142amy harmonogram polowa\u0144 zbiorowych w sezonie 2025\/2026. Warunkiem udzia\u0142u w polowaniach jest uregulowanie wszystkich nale\u017cno\u015bci finansowych na rzecz PZ\u0141 i Ko\u0142a (tzn. sk\u0142adki cz\u0142onkowskiej, op\u0142aty za pozyskan\u0105 zwierzyn\u0119, rekompensaty finansowej za niewykonan\u0105 prac\u0119 na rzecz Ko\u0142a, op\u0142aty za nie odbyte wyjazdy obowi\u0105zkowe).&nbsp; Wp\u0142at nale\u017cy dokonywa\u0107 na konto naszego Ko\u0142a \u2013 numer konta podany <a href=\"https:\/\/www.puszczyk.info\/?page_id=6740\" class=\"more-link\">Czytaj dalej...<span class=\"screen-reader-text\"> \"Sezon 2025\/2026\"<\/span><\/a><\/p>\n","protected":false},"author":36,"featured_media":0,"parent":87,"menu_order":994,"comment_status":"closed","ping_status":"closed","template":"","meta":{"_bbp_topic_count":0,"_bbp_reply_count":0,"_bbp_total_topic_count":0,"_bbp_total_reply_count":0,"_bbp_voice_count":0,"_bbp_anonymous_reply_count":0,"_bbp_topic_count_hidden":0,"_bbp_reply_count_hidden":0,"_bbp_forum_subforum_count":0,"ngg_post_thumbnail":0,"footnotes":""},"class_list":["post-6740","page","type-page","status-publish","h-entry","hentry","h-as-page"],"publishpress_future_action":{"enabled":false,"date":"2026-05-08 13:49:17","action":"change-status","newStatus":"trash","terms":[],"taxonomy":"","extraData":[]},"publishpress_future_workflow_manual_trigger":{"enabledWorkflows":[]},"_links":{"self":[{"href":"https:\/\/www.puszczyk.info\/index.php?rest_route=\/wp\/v2\/pages\/6740","targetHints":{"allow":["GET"]}}],"collection":[{"href":"https:\/\/www.puszczyk.info\/index.php?rest_route=\/wp\/v2\/pages"}],"about":[{"href":"https:\/\/www.puszczyk.info\/index.php?rest_route=\/wp\/v2\/types\/page"}],"author":[{"embeddable":true,"href":"https:\/\/www.puszczyk.info\/index.php?rest_route=\/wp\/v2\/users\/36"}],"replies":[{"embeddable":true,"href":"https:\/\/www.puszczyk.info\/index.php?rest_route=%2Fwp%2Fv2%2Fcomments&post=6740"}],"version-history":[{"count":7,"href":"https:\/\/www.puszczyk.info\/index.php?rest_route=\/wp\/v2\/pages\/6740\/revisions"}],"predecessor-version":[{"id":6777,"href":"https:\/\/www.puszczyk.info\/index.php?rest_route=\/wp\/v2\/pages\/6740\/revisions\/6777"}],"up":[{"embeddable":true,"href":"https:\/\/www.puszczyk.info\/index.php?rest_route=\/wp\/v2\/pages\/87"}],"wp:attachment":[{"href":"https:\/\/www.puszczyk.info\/index.php?rest_route=%2Fwp%2Fv2%2Fmedia&parent=6740"}],"curies":[{"name":"wp","href":"https:\/\/api.w.org\/{rel}","templated":true}]}}