{"id":6746,"date":"2025-08-24T19:19:46","date_gmt":"2025-08-24T17:19:46","guid":{"rendered":"https:\/\/www.puszczyk.info\/?page_id=6746"},"modified":"2025-08-27T12:17:40","modified_gmt":"2025-08-27T10:17:40","slug":"protokol-z-wz-kl-puszczyk-2025-wraz-z-uchwalami","status":"publish","type":"page","link":"https:\/\/www.puszczyk.info\/?page_id=6746","title":{"rendered":"Protok\u00f3\u0142 z WZ K\u0141 Puszczyk 2025 wraz z uchwa\u0142ami"},"content":{"rendered":"\n<div class=\"wp-block-file\"><a id=\"wp-block-file--media-835b2a6c-af9d-468c-a01d-856612ee3a5b\" href=\"https:\/\/www.puszczyk.info\/wp-content\/uploads\/2025\/08\/Wyciag-z-PROTOKOLU-Walnego-Zgromadzenia-KL-\u201ePuszczyk-z-dnia-12-kwietnia-2025-r.pdf\">Wyci\u0105g z PROTOKO\u0141U Walnego Zgromadzenia K\u0141 \u201ePuszczyk\u201d z dnia 12 kwietnia 2025 r.<\/a><a href=\"https:\/\/www.puszczyk.info\/wp-content\/uploads\/2025\/08\/Wyciag-z-PROTOKOLU-Walnego-Zgromadzenia-KL-\u201ePuszczyk-z-dnia-12-kwietnia-2025-r.pdf\" class=\"wp-block-file__button wp-element-button\" download aria-describedby=\"wp-block-file--media-835b2a6c-af9d-468c-a01d-856612ee3a5b\">Pobierz<\/a><\/div>\n\n\n\n<div class=\"wp-block-file\"><a id=\"wp-block-file--media-bb584d89-de85-467e-80bf-1a2e63354254\" href=\"https:\/\/www.puszczyk.info\/wp-content\/uploads\/2025\/08\/UCHWALA-NR-1_WZ_2025-Walnego-Zgromadzenia-Kola-Lowieckiego-\u201ePuszczyk-w-Warszawie-z-dnia-12-kwietnia-2025-roku.-w-sprawie-ustalania-zasad-wydawania-upowaznien-do-wykonywania-polowan-indywidualnyc.pdf\">UCHWA\u0141A NR 1_WZ_2025 Walnego Zgromadzenia Ko\u0142a \u0141owieckiego \u201ePuszczyk\u201d w Warszawie z dnia 12 kwietnia 2025 roku. w sprawie ustalania zasad wydawania upowa\u017cnie\u0144 do wykonywania polowa\u0144 indywidualnyc<\/a><a href=\"https:\/\/www.puszczyk.info\/wp-content\/uploads\/2025\/08\/UCHWALA-NR-1_WZ_2025-Walnego-Zgromadzenia-Kola-Lowieckiego-\u201ePuszczyk-w-Warszawie-z-dnia-12-kwietnia-2025-roku.-w-sprawie-ustalania-zasad-wydawania-upowaznien-do-wykonywania-polowan-indywidualnyc.pdf\" class=\"wp-block-file__button wp-element-button\" download aria-describedby=\"wp-block-file--media-bb584d89-de85-467e-80bf-1a2e63354254\">Pobierz<\/a><\/div>\n\n\n\n<div class=\"wp-block-file\"><a id=\"wp-block-file--media-9531aaea-1e6c-477c-9b31-43b5958655fe\" href=\"https:\/\/www.puszczyk.info\/wp-content\/uploads\/2025\/08\/UCHWALA-NR-2_WZ_2025-Walnego-Zgromadzenia-Kola-Lowieckiego-\u201ePuszczyk-w-Warszawie-z-dnia-12-kwietnia-2025-roku.-w-sprawie-wspoludzialu-w-kosztach-zagospodarowania-obwodow-oraz-ekwiwalentu-pracy.d.pdf\">UCHWA\u0141A NR 2_WZ_2025 Walnego Zgromadzenia Ko\u0142a \u0141owieckiego \u201ePuszczyk\u201d w Warszawie z dnia 12 kwietnia 2025 roku. w sprawie wsp\u00f3\u0142udzia\u0142u w kosztach zagospodarowania obwod\u00f3w oraz ekwiwalentu pracy.d<\/a><a href=\"https:\/\/www.puszczyk.info\/wp-content\/uploads\/2025\/08\/UCHWALA-NR-2_WZ_2025-Walnego-Zgromadzenia-Kola-Lowieckiego-\u201ePuszczyk-w-Warszawie-z-dnia-12-kwietnia-2025-roku.-w-sprawie-wspoludzialu-w-kosztach-zagospodarowania-obwodow-oraz-ekwiwalentu-pracy.d.pdf\" class=\"wp-block-file__button wp-element-button\" download aria-describedby=\"wp-block-file--media-9531aaea-1e6c-477c-9b31-43b5958655fe\">Pobierz<\/a><\/div>\n\n\n\n<div class=\"wp-block-file\"><a id=\"wp-block-file--media-e53391f5-bdfc-4129-a91d-7a73cd1e4116\" href=\"https:\/\/www.puszczyk.info\/wp-content\/uploads\/2025\/08\/UCHWALA-NR-3_WZ_2025-Walnego-Zgromadzenia-Kola-Lowieckiego-\u201ePuszczyk-w-Warszawie-z-dnia-12-kwietnia-2025-roku.-w-sprawie-polowania-na-kaczki-i-bazanty-w-obwodach-dzierzawionych-przez-Kolo-Lowiec-1.pdf\">UCHWA\u0141A NR 3_WZ_2025 Walnego Zgromadzenia Ko\u0142a \u0141owieckiego \u201ePuszczyk\u201d w Warszawie z dnia 12 kwietnia 2025 roku. w sprawie polowania na kaczki i ba\u017canty w obwodach dzier\u017cawionych przez Ko\u0142o \u0141owiec<\/a><a href=\"https:\/\/www.puszczyk.info\/wp-content\/uploads\/2025\/08\/UCHWALA-NR-3_WZ_2025-Walnego-Zgromadzenia-Kola-Lowieckiego-\u201ePuszczyk-w-Warszawie-z-dnia-12-kwietnia-2025-roku.-w-sprawie-polowania-na-kaczki-i-bazanty-w-obwodach-dzierzawionych-przez-Kolo-Lowiec-1.pdf\" class=\"wp-block-file__button wp-element-button\" download aria-describedby=\"wp-block-file--media-e53391f5-bdfc-4129-a91d-7a73cd1e4116\">Pobierz<\/a><\/div>\n\n\n\n<div class=\"wp-block-file\"><a id=\"wp-block-file--media-01e226fc-8803-45c5-92ba-ca759b858c3a\" href=\"https:\/\/www.puszczyk.info\/wp-content\/uploads\/2025\/08\/UCHWALA-NR-4_WZ_2025-Walnego-Zgromadzenia-Kola-Lowieckiego-\u201ePuszczyk-w-Warszawie-z-dnia-12-kwietnia-2025-roku.-w-sprawie-uzyskiwania-czlonkostwa-w-Kole-Lowieckim-Puszczyk.docx.pdf\">UCHWA\u0141A NR 4_WZ_2025 Walnego Zgromadzenia Ko\u0142a \u0141owieckiego \u201ePuszczyk\u201d w Warszawie z dnia 12 kwietnia 2025 roku.  w sprawie uzyskiwania cz\u0142onkostwa w Kole \u0141owieckim Puszczyk.docx<\/a><a href=\"https:\/\/www.puszczyk.info\/wp-content\/uploads\/2025\/08\/UCHWALA-NR-4_WZ_2025-Walnego-Zgromadzenia-Kola-Lowieckiego-\u201ePuszczyk-w-Warszawie-z-dnia-12-kwietnia-2025-roku.-w-sprawie-uzyskiwania-czlonkostwa-w-Kole-Lowieckim-Puszczyk.docx.pdf\" class=\"wp-block-file__button wp-element-button\" download aria-describedby=\"wp-block-file--media-01e226fc-8803-45c5-92ba-ca759b858c3a\">Pobierz<\/a><\/div>\n\n\n\n<div class=\"wp-block-file\"><a id=\"wp-block-file--media-28405083-037a-4af4-bdc7-c2ff54a8af39\" href=\"https:\/\/www.puszczyk.info\/wp-content\/uploads\/2025\/08\/UCHWALA-NR-5_WZ_2025-Walnego-Zgromadzenia-Kola-Lowieckiego-\u201ePuszczyk-w-Warszawie-z-dnia-12-kwietnia-2025-roku.-w-sprawie-zobowiazania-Zarzadu-do-zmiany-adresu-Kola-Lowieckiego-Puszczyk.docx.pdf\">UCHWA\u0141A NR 5_WZ_2025 Walnego Zgromadzenia Ko\u0142a \u0141owieckiego \u201ePuszczyk\u201d w Warszawie z dnia 12 kwietnia 2025 roku.  w sprawie zobowi\u0105zania Zarz\u0105du do zmiany adresu Ko\u0142a \u0141owieckiego Puszczyk.docx<\/a><a href=\"https:\/\/www.puszczyk.info\/wp-content\/uploads\/2025\/08\/UCHWALA-NR-5_WZ_2025-Walnego-Zgromadzenia-Kola-Lowieckiego-\u201ePuszczyk-w-Warszawie-z-dnia-12-kwietnia-2025-roku.-w-sprawie-zobowiazania-Zarzadu-do-zmiany-adresu-Kola-Lowieckiego-Puszczyk.docx.pdf\" class=\"wp-block-file__button wp-element-button\" download aria-describedby=\"wp-block-file--media-28405083-037a-4af4-bdc7-c2ff54a8af39\">Pobierz<\/a><\/div>\n\n\n\n<p><\/p>\n","protected":false},"excerpt":{"rendered":"","protected":false},"author":36,"featured_media":0,"parent":6488,"menu_order":0,"comment_status":"closed","ping_status":"closed","template":"","meta":{"_bbp_topic_count":0,"_bbp_reply_count":0,"_bbp_total_topic_count":0,"_bbp_total_reply_count":0,"_bbp_voice_count":0,"_bbp_anonymous_reply_count":0,"_bbp_topic_count_hidden":0,"_bbp_reply_count_hidden":0,"_bbp_forum_subforum_count":0,"ngg_post_thumbnail":0,"footnotes":""},"class_list":["post-6746","page","type-page","status-publish","h-entry","hentry","h-as-page"],"publishpress_future_action":{"enabled":false,"date":"2026-05-08 13:42:18","action":"change-status","newStatus":"trash","terms":[],"taxonomy":"","extraData":[]},"publishpress_future_workflow_manual_trigger":{"enabledWorkflows":[]},"_links":{"self":[{"href":"https:\/\/www.puszczyk.info\/index.php?rest_route=\/wp\/v2\/pages\/6746","targetHints":{"allow":["GET"]}}],"collection":[{"href":"https:\/\/www.puszczyk.info\/index.php?rest_route=\/wp\/v2\/pages"}],"about":[{"href":"https:\/\/www.puszczyk.info\/index.php?rest_route=\/wp\/v2\/types\/page"}],"author":[{"embeddable":true,"href":"https:\/\/www.puszczyk.info\/index.php?rest_route=\/wp\/v2\/users\/36"}],"replies":[{"embeddable":true,"href":"https:\/\/www.puszczyk.info\/index.php?rest_route=%2Fwp%2Fv2%2Fcomments&post=6746"}],"version-history":[{"count":4,"href":"https:\/\/www.puszczyk.info\/index.php?rest_route=\/wp\/v2\/pages\/6746\/revisions"}],"predecessor-version":[{"id":6763,"href":"https:\/\/www.puszczyk.info\/index.php?rest_route=\/wp\/v2\/pages\/6746\/revisions\/6763"}],"up":[{"embeddable":true,"href":"https:\/\/www.puszczyk.info\/index.php?rest_route=\/wp\/v2\/pages\/6488"}],"wp:attachment":[{"href":"https:\/\/www.puszczyk.info\/index.php?rest_route=%2Fwp%2Fv2%2Fmedia&parent=6746"}],"curies":[{"name":"wp","href":"https:\/\/api.w.org\/{rel}","templated":true}]}}