{"id":87,"date":"2018-10-19T11:06:46","date_gmt":"2018-10-19T09:06:46","guid":{"rendered":"https:\/\/nowa.puszczyk.info\/?page_id=87"},"modified":"2025-08-28T22:49:02","modified_gmt":"2025-08-28T20:49:02","slug":"plan-polowan","status":"publish","type":"page","link":"https:\/\/www.puszczyk.info\/?page_id=87","title":{"rendered":"Plan polowa\u0144"},"content":{"rendered":"\n<p>Strona po\u015bwi\u0119cona planom oraz okresom polowa\u0144 w poszczeg\u00f3lnych sezonach.<\/p>\n\n\n\n<ul class=\"wp-block-list\">\n<li><a href=\"https:\/\/www.puszczyk.info\/?page_id=6740\" data-type=\"link\" data-id=\"https:\/\/www.puszczyk.info\/?page_id=6767\">Sezon 2025\/2026<\/a><\/li>\n\n\n\n<li><a href=\"https:\/\/www.puszczyk.info\/?page_id=6636\" data-type=\"link\" data-id=\"https:\/\/www.puszczyk.info\/?page_id=6636\">Sezon 2024\/2025<\/a><\/li>\n\n\n\n<li><a href=\"https:\/\/www.puszczyk.info\/?page_id=6506\" data-type=\"link\" data-id=\"https:\/\/www.puszczyk.info\/?page_id=6506\">Sezon 2023\/2024<\/a><\/li>\n\n\n\n<li><a href=\"https:\/\/www.puszczyk.info\/?page_id=6368\" data-type=\"page\" data-id=\"6368\">Sezon 2022\/2023<\/a><\/li>\n\n\n\n<li><a href=\"https:\/\/www.puszczyk.info\/?page_id=6097\">Sezon 2020\/2021<\/a><\/li>\n\n\n\n<li><a href=\"https:\/\/www.puszczyk.info\/?page_id=5984\">Sezon 2019\/2020<\/a><\/li>\n\n\n\n<li><a href=\"https:\/\/www.puszczyk.info\/?page_id=38\">Sezon 2018\/2019<\/a><\/li>\n<\/ul>\n\n\n\n<p><\/p>\n\n\n\n<ul class=\"wp-block-list\">\n<li><a href=\"https:\/\/www.puszczyk.info\/?page_id=5670\">Kalendarz my\u015bliwski<\/a><\/li>\n<\/ul>\n\n\n\n<p><\/p>\n","protected":false},"excerpt":{"rendered":"<p>Strona po\u015bwi\u0119cona planom oraz okresom polowa\u0144 w poszczeg\u00f3lnych sezonach.<\/p>\n","protected":false},"author":4,"featured_media":0,"parent":0,"menu_order":70,"comment_status":"closed","ping_status":"closed","template":"","meta":{"_bbp_topic_count":0,"_bbp_reply_count":0,"_bbp_total_topic_count":0,"_bbp_total_reply_count":0,"_bbp_voice_count":0,"_bbp_anonymous_reply_count":0,"_bbp_topic_count_hidden":0,"_bbp_reply_count_hidden":0,"_bbp_forum_subforum_count":0,"ngg_post_thumbnail":0,"footnotes":""},"class_list":["post-87","page","type-page","status-publish","h-entry","hentry","h-as-page"],"publishpress_future_action":{"enabled":false,"date":"2026-05-08 13:40:46","action":"change-status","newStatus":"trash","terms":[],"taxonomy":"","extraData":[]},"publishpress_future_workflow_manual_trigger":{"enabledWorkflows":[]},"_links":{"self":[{"href":"https:\/\/www.puszczyk.info\/index.php?rest_route=\/wp\/v2\/pages\/87","targetHints":{"allow":["GET"]}}],"collection":[{"href":"https:\/\/www.puszczyk.info\/index.php?rest_route=\/wp\/v2\/pages"}],"about":[{"href":"https:\/\/www.puszczyk.info\/index.php?rest_route=\/wp\/v2\/types\/page"}],"author":[{"embeddable":true,"href":"https:\/\/www.puszczyk.info\/index.php?rest_route=\/wp\/v2\/users\/4"}],"replies":[{"embeddable":true,"href":"https:\/\/www.puszczyk.info\/index.php?rest_route=%2Fwp%2Fv2%2Fcomments&post=87"}],"version-history":[{"count":17,"href":"https:\/\/www.puszczyk.info\/index.php?rest_route=\/wp\/v2\/pages\/87\/revisions"}],"predecessor-version":[{"id":6771,"href":"https:\/\/www.puszczyk.info\/index.php?rest_route=\/wp\/v2\/pages\/87\/revisions\/6771"}],"wp:attachment":[{"href":"https:\/\/www.puszczyk.info\/index.php?rest_route=%2Fwp%2Fv2%2Fmedia&parent=87"}],"curies":[{"name":"wp","href":"https:\/\/api.w.org\/{rel}","templated":true}]}}